{"id":545,"date":"2022-07-20T18:12:23","date_gmt":"2022-07-20T16:12:23","guid":{"rendered":"https:\/\/lestravelplanneuses.com\/?page_id=545"},"modified":"2022-07-20T18:32:37","modified_gmt":"2022-07-20T16:32:37","slug":"guatemala","status":"publish","type":"page","link":"https:\/\/lestravelplanneuses.com\/index.php\/guatemala\/","title":{"rendered":"Guatemala"},"content":{"rendered":"<p>[et_pb_section fb_built=\u00a0\u00bb1&Prime; admin_label=\u00a0\u00bbsection\u00a0\u00bb _builder_version=\u00a0\u00bb4.9.10&Prime; hover_enabled=\u00a0\u00bb0&Prime; title_text=\u00a0\u00bbIMG_20210817_183111&Prime; background_image=\u00a0\u00bbhttps:\/\/lestravelplanneuses.com\/wp-content\/uploads\/2022\/07\/IMG_20210817_183111-scaled.jpg\u00a0\u00bb sticky_enabled=\u00a0\u00bb0&Prime; width=\u00a0\u00bb100%\u00a0\u00bb min_height=\u00a0\u00bb441px\u00a0\u00bb][et_pb_row admin_label=\u00a0\u00bbrow\u00a0\u00bb _builder_version=\u00a0\u00bb3.25&Prime; background_size=\u00a0\u00bbinitial\u00a0\u00bb background_position=\u00a0\u00bbtop_left\u00a0\u00bb background_repeat=\u00a0\u00bbrepeat\u00a0\u00bb][et_pb_column type=\u00a0\u00bb4_4&Prime; _builder_version=\u00a0\u00bb3.25&Prime; custom_padding=\u00a0\u00bb|||\u00a0\u00bb custom_padding__hover=\u00a0\u00bb|||\u00a0\u00bb][\/et_pb_column][\/et_pb_row][\/et_pb_section][et_pb_section fb_built=\u00a0\u00bb1&Prime; _builder_version=\u00a0\u00bb4.9.10&Prime; _module_preset=\u00a0\u00bbdefault\u00a0\u00bb min_height=\u00a0\u00bb114px\u00a0\u00bb][et_pb_row _builder_version=\u00a0\u00bb4.9.10&Prime; _module_preset=\u00a0\u00bbdefault\u00a0\u00bb custom_padding=\u00a0\u00bb10px|||||\u00a0\u00bb][et_pb_column _builder_version=\u00a0\u00bb4.9.10&Prime; _module_preset=\u00a0\u00bbdefault\u00a0\u00bb type=\u00a0\u00bb4_4&Prime;][et_pb_text _builder_version=\u00a0\u00bb4.9.10&Prime; _module_preset=\u00a0\u00bbdefault\u00a0\u00bb text_font_size=\u00a0\u00bb33px\u00a0\u00bb text_text_color=\u00a0\u00bb#C45911&Prime; text_font=\u00a0\u00bbCaviardreams||||||||\u00a0\u00bb hover_enabled=\u00a0\u00bb0&Prime; sticky_enabled=\u00a0\u00bb0&Prime;]<\/p>\n<p>Re\u00e7it de voyages : mission au Guatemala<\/p>\n<p>[\/et_pb_text][et_pb_text _builder_version=\u00a0\u00bb4.9.10&Prime; _module_preset=\u00a0\u00bbdefault\u00a0\u00bb hover_enabled=\u00a0\u00bb0&Prime; sticky_enabled=\u00a0\u00bb0&Prime; text_orientation=\u00a0\u00bbjustified\u00a0\u00bb]<\/p>\n<p style=\"text-align: justify;\">Jeudi 5 ao\u00fbt 15h, a\u00e9roport CDG. Nous d\u00e9collons pour Guatemala City. Ainsi commence cette aventure dont nous ne mesurons pas encore l\u2019ampleur.<\/p>\n<p>11h plus tard nous arrivons enfin. Il est minuit, pas une seconde \u00e0 perdre pour rejoindre notre auberge, nous avons notre bus \u00e0 5h.<br \/>\u00ab Moins de 4h de sommeil ? Oh \u00e7a passe ! Et puis on pourra dormir, on a quoi 7h, de quoi se faire une bonne<br \/>nuit ! \u00bb Bon nous avons \u00e9t\u00e9 optimistes, c\u2019\u00e9tait sans compter sur le fait que nous allions nous retrouver dans un bus scolaire enti\u00e8rement pimp\u00e9 avec de la musique locale \u00e0 fond et qu\u2019ici la banquette du bus n\u2019est pas pour 2 mais plut\u00f4t pour 3 voire 4 ! \u00ab \u00c7a vient donc de l\u00e0 leur nom, les Chicken bus \u00bb<br \/>Nous y voil\u00e0 enfin ! Uspantan, petite ville mais malgr\u00e9 tout la plus grande des environs. Aucun touriste, m\u00eame au sein de l\u2019h\u00f4tel auquel nous choisissons de s\u00e9journer \u00e0 4\u20ac la nuit, pour une chambre avec lit double. A peine le temps de s\u2019installer et m\u00eame pas de manger que nous rencontrons Josefa, notre contact \u00e0 Uspantan pour la mission. Elle vient nous chercher pour nous conduire avec sa voiture dans le premier hameau. Nous rentrons alors dans une maison remplie d\u2019une vingtaine de villageois.<br \/>Puis, contre toute attente et sans nous avoir pr\u00e9venu, elle nous explique que les villageois vont venir nous pr\u00e9senter leurs projets \u00e0 tour de r\u00f4le, dont nous devons prendre connaissance afin de leur pr\u00eater de l\u2019argent \u00e0 terme. Alors ok nous \u00e9tions au courant de la mission mais pour nous le premier jour serait juste une r\u00e9union sur le d\u00e9roul\u00e9 de la mission.<br \/>C\u2019est ainsi que, muni de notre espagnol plus que bancal et enterr\u00e9 depuis trois ans, nous nous retrouvons \u00e0 d\u00e9cider du futur de ces personnes. \u00c9levages de poules, cochons, vaches, ch\u00e8vres, dindons, des plantations de tomates, haricots, ma\u00efs, artisanat de bois, m\u00e9tal, revente de produits en tous genres&#8230;<br \/>Les projets d\u00e9filent les uns apr\u00e8s les autres, \u00e0 raison de longues minutes chacun pour en acqu\u00e9rir une compr\u00e9hension raisonnable.<br \/>Apr\u00e8s 4 heures pas des plus simples, nous rentrons \u00e0 l\u2019h\u00f4tel fatigu\u00e9s. Maintenant que nous savons ce qui nous attend, nous devons \u00eatre bien plus organis\u00e9s. Plus question de poser des questions au hasard et d\u2019\u00e9crire quelques notes dans un fichier. A partir de maintenant, tous les projets seront enregistr\u00e9s sur Excel et organis\u00e9s par type de projet. Apr\u00e8s quelques ajustements le matin, nous gagnons en efficacit\u00e9 et en pertinence malgr\u00e9 le fait que les villageois, ne sachant pas \u00e9crire, n\u2019\u00e9taient cette fois m\u00eame pas muni d\u2019une fiche pr\u00e9sentant leurs projets. Tout se fera \u00e0 l\u2019oral !<\/p>\n<p>&nbsp;<\/p>\n<p>Lundi 9 ao\u00fbt 14h, nous venons de finir de rencontrer les derniers b\u00e9n\u00e9ficiaires. Notre mission n\u2019est pas finie, demain 8h nous devons avoir tous les contrats imprim\u00e9s<br \/>avant de refaire notre tourn\u00e9e.<br \/>Nous disposons de quelques heures pour r\u00e9partir 200 000 Qz en plus de 150 projets. Si le total des pr\u00eats demand\u00e9s correspondait \u00e0 cette somme, \u00e7a serait facile, sauf que si on additionne toutes les demandes on est plus proche des 1 million. Il va donc falloir \u00e9tudier chaque projet, un par un, pour attribuer la somme la plus juste. Nous qui sommes loin du monde business \u00e7a ne nous a pas fait de mal d\u2019apprendre \u00e0 calculer les co\u00fbts, les revenus, les b\u00e9n\u00e9fices\u2026<br \/>On pourra aussi rajouter gestion de situation de crise sur notre CV. Quant \u00e0 22h on se rend compte que nous n\u2019avons plus de logiciel pour \u00e9diter les 300 pages de contrats, il faut vite trouver des solutions. Nous avons appris qu\u2019on peut remplir les contrats en quelques minutes avec<br \/>Excel. A quoi bon faire des cours d\u2019info ! \u00c7a aura quand m\u00eame pris la nuit pour cr\u00e9er l\u2019algorithme.<\/p>\n<p>&nbsp;<\/p>\n<p>Mardi 10 ao\u00fbt 12h, les contrats sont sign\u00e9s, nous faisons nos adieux \u00e0 Josefa. C\u2019est peut-\u00eatre la fin de notre mission mais encore le d\u00e9but de notre s\u00e9jour.<\/p>\n<p>[\/et_pb_text][\/et_pb_column][\/et_pb_row][\/et_pb_section]<\/p>\n","protected":false},"excerpt":{"rendered":"<p>Re\u00e7it de voyages : mission au Guatemala Jeudi 5 ao\u00fbt 15h, a\u00e9roport CDG. Nous d\u00e9collons pour Guatemala City. Ainsi commence cette aventure dont nous ne mesurons pas encore l\u2019ampleur. 11h plus tard nous arrivons enfin. Il est minuit, pas une seconde \u00e0 perdre pour rejoindre notre auberge, nous avons notre bus \u00e0 5h.\u00ab Moins de [&hellip;]<\/p>\n","protected":false},"author":3,"featured_media":0,"parent":0,"menu_order":0,"comment_status":"closed","ping_status":"closed","template":"","meta":{"_et_pb_use_builder":"on","_et_pb_old_content":"","_et_gb_content_width":"","om_disable_all_campaigns":false,"_monsterinsights_skip_tracking":false,"_monsterinsights_sitenote_active":false,"_monsterinsights_sitenote_note":"","_monsterinsights_sitenote_category":0,"footnotes":""},"class_list":["post-545","page","type-page","status-publish","hentry"],"aioseo_notices":[],"_links":{"self":[{"href":"https:\/\/lestravelplanneuses.com\/index.php\/wp-json\/wp\/v2\/pages\/545","targetHints":{"allow":["GET"]}}],"collection":[{"href":"https:\/\/lestravelplanneuses.com\/index.php\/wp-json\/wp\/v2\/pages"}],"about":[{"href":"https:\/\/lestravelplanneuses.com\/index.php\/wp-json\/wp\/v2\/types\/page"}],"author":[{"embeddable":true,"href":"https:\/\/lestravelplanneuses.com\/index.php\/wp-json\/wp\/v2\/users\/3"}],"replies":[{"embeddable":true,"href":"https:\/\/lestravelplanneuses.com\/index.php\/wp-json\/wp\/v2\/comments?post=545"}],"version-history":[{"count":4,"href":"https:\/\/lestravelplanneuses.com\/index.php\/wp-json\/wp\/v2\/pages\/545\/revisions"}],"predecessor-version":[{"id":550,"href":"https:\/\/lestravelplanneuses.com\/index.php\/wp-json\/wp\/v2\/pages\/545\/revisions\/550"}],"wp:attachment":[{"href":"https:\/\/lestravelplanneuses.com\/index.php\/wp-json\/wp\/v2\/media?parent=545"}],"curies":[{"name":"wp","href":"https:\/\/api.w.org\/{rel}","templated":true}]}}