{"id":242,"date":"2021-08-01T15:10:58","date_gmt":"2021-08-01T13:10:58","guid":{"rendered":"https:\/\/lestravelplanneuses.com\/?page_id=242"},"modified":"2021-08-02T21:53:51","modified_gmt":"2021-08-02T19:53:51","slug":"a-propos","status":"publish","type":"page","link":"https:\/\/lestravelplanneuses.com\/index.php\/a-propos\/","title":{"rendered":"A propos"},"content":{"rendered":"<p>[et_pb_section fb_built=\u00a0\u00bb1&Prime; fullwidth=\u00a0\u00bbon\u00a0\u00bb module_id=\u00a0\u00bbadmenu\u00a0\u00bb module_class=\u00a0\u00bbadheader\u00a0\u00bb _builder_version=\u00a0\u00bb4.9.10&Prime; _module_preset=\u00a0\u00bbdefault\u00a0\u00bb][et_pb_fullwidth_menu module_id=\u00a0\u00bbadmenu\u00a0\u00bb module_class=\u00a0\u00bbadheader\u00a0\u00bb _builder_version=\u00a0\u00bb4.9.10&Prime; _module_preset=\u00a0\u00bbdefault\u00a0\u00bb custom_padding=\u00a0\u00bb61px|||||\u00a0\u00bb][\/et_pb_fullwidth_menu][\/et_pb_section][et_pb_section fb_built=\u00a0\u00bb1&Prime; _builder_version=\u00a0\u00bb4.9.10&Prime; _module_preset=\u00a0\u00bbdefault\u00a0\u00bb background_image=\u00a0\u00bbhttps:\/\/lestravelplanneuses.com\/wp-content\/uploads\/2021\/07\/arton25563.jpg\u00a0\u00bb][et_pb_row _builder_version=\u00a0\u00bb4.9.10&Prime; _module_preset=\u00a0\u00bbdefault\u00a0\u00bb background_color=\u00a0\u00bbrgba(255,255,255,0.9)\u00a0\u00bb width=\u00a0\u00bb100%\u00a0\u00bb max_width=\u00a0\u00bb1863px\u00a0\u00bb][et_pb_column type=\u00a0\u00bb4_4&Prime; _builder_version=\u00a0\u00bb4.9.10&Prime; _module_preset=\u00a0\u00bbdefault\u00a0\u00bb][et_pb_text _builder_version=\u00a0\u00bb4.9.10&Prime; _module_preset=\u00a0\u00bbdefault\u00a0\u00bb text_font=\u00a0\u00bbLobster||||||||\u00a0\u00bb text_text_color=\u00a0\u00bbgcid-5bab7581-9681-43f4-adbf-3f08900fc945&Prime; text_font_size=\u00a0\u00bb37px\u00a0\u00bb header_font=\u00a0\u00bbLobster||||||||\u00a0\u00bb text_orientation=\u00a0\u00bbcenter\u00a0\u00bb global_colors_info=\u00a0\u00bb{%22gcid-5bab7581-9681-43f4-adbf-3f08900fc945%22:%91%22text_text_color%22%93}\u00a0\u00bb]<\/p>\n<p>La gen\u00e8se du projet<\/p>\n<p>[\/et_pb_text][\/et_pb_column][\/et_pb_row][et_pb_row _builder_version=\u00a0\u00bb4.9.10&Prime; _module_preset=\u00a0\u00bbdefault\u00a0\u00bb background_color=\u00a0\u00bbrgba(255,255,255,0.9)\u00a0\u00bb width=\u00a0\u00bb100%\u00a0\u00bb max_width=\u00a0\u00bb100%\u00a0\u00bb][et_pb_column type=\u00a0\u00bb4_4&Prime; _builder_version=\u00a0\u00bb4.9.10&Prime; _module_preset=\u00a0\u00bbdefault\u00a0\u00bb][et_pb_text _builder_version=\u00a0\u00bb4.9.10&Prime; _module_preset=\u00a0\u00bbdefault\u00a0\u00bb text_text_color=\u00a0\u00bbgcid-cd00cf52-3491-45ac-9e52-84189fc93079&Prime; text_font_size=\u00a0\u00bb16px\u00a0\u00bb text_line_height=\u00a0\u00bb1.8em\u00a0\u00bb background_color=\u00a0\u00bbRGBA(0,0,0,0)\u00a0\u00bb text_orientation=\u00a0\u00bbjustified\u00a0\u00bb max_width=\u00a0\u00bb80%\u00a0\u00bb module_alignment=\u00a0\u00bbcenter\u00a0\u00bb custom_margin=\u00a0\u00bb|0px||0px|false|false\u00a0\u00bb custom_padding=\u00a0\u00bb|0px||0px|false|false\u00a0\u00bb global_colors_info=\u00a0\u00bb{%22gcid-5bab7581-9681-43f4-adbf-3f08900fc945%22:%91%22text_text_color%22%93,%22gcid-cd00cf52-3491-45ac-9e52-84189fc93079%22:%91%22text_text_color%22%93}\u00a0\u00bb]<\/p>\n<p style=\"font-weight: 400;\">Nous c\u2019est Emma et Anne, toutes deux passionn\u00e9es de voyage. Depuis des ann\u00e9es nous avons pour habitude d\u2019organiser ensemble nos voyages en \u00e9tant toujours en qu\u00eate d\u2019authenticit\u00e9 et d\u2019aventure\u00a0! Pour nous la recette parfaite de nos aventures m\u00eale toujours des rencontres, des nouvelles exp\u00e9riences, et la d\u00e9couverte des cultures locales. Etant tr\u00e8s attach\u00e9es \u00e0 l\u2019organisation de nos voyages, nous avons pris soin de conserver tous nos itin\u00e9raires d\u00e9taill\u00e9s afin de nourrir nos carnets de voyage respectifs. Nous prenons r\u00e9ellement \u00e0 c\u0153ur l\u2019organisation en amont, qui participe \u00e0 l\u2019adr\u00e9naline de nos voyages, c\u2019est pourquoi nos proches et amis nous ont souvent sollicit\u00e9 pour les aider dans l\u2019organisation de leur s\u00e9jour. C\u2019est ainsi qu\u2019en 2018, apr\u00e8s un voyage en Asie du Sud Est nous avons d\u00e9cid\u00e9 de nous lancer dans une nouvelle aventure en proposant d\u2019organiser des voyages sur mesure\u00a0en tant que travel planner. Quoi de mieux pour nous que de travailler sur un projet qui m\u00eale notre passion du voyage et notre attachement \u00e0 l\u2019organisation\u00a0!<\/p>\n<p style=\"font-weight: 400;\">[\/et_pb_text][et_pb_text _builder_version=\u00a0\u00bb4.9.10&Prime; _module_preset=\u00a0\u00bbdefault\u00a0\u00bb text_text_color=\u00a0\u00bbgcid-cd00cf52-3491-45ac-9e52-84189fc93079&Prime; text_font_size=\u00a0\u00bb16px\u00a0\u00bb text_line_height=\u00a0\u00bb1.8em\u00a0\u00bb background_color=\u00a0\u00bbRGBA(0,0,0,0)\u00a0\u00bb text_orientation=\u00a0\u00bbjustified\u00a0\u00bb max_width=\u00a0\u00bb80%\u00a0\u00bb module_alignment=\u00a0\u00bbcenter\u00a0\u00bb custom_margin=\u00a0\u00bb|0px||0px|false|false\u00a0\u00bb custom_padding=\u00a0\u00bb|0px||0px|false|false\u00a0\u00bb locked=\u00a0\u00bboff\u00a0\u00bb global_colors_info=\u00a0\u00bb{%22gcid-5bab7581-9681-43f4-adbf-3f08900fc945%22:%91%93,%22gcid-cd00cf52-3491-45ac-9e52-84189fc93079%22:%91%22text_text_color%22%93}\u00a0\u00bb]<\/p>\n<p style=\"font-weight: 400;\">Il est vrai que, malgr\u00e9 toute pr\u00e9paration, une fois sur place, tout ne se passe pas comme pr\u00e9vu\u2026certains pays sont pleins de surprises, la culture et les modes de vie diff\u00e8rent totalement de nos habitudes occidentales. Ainsi, par manque de temps, il arrive parfois de devoir r\u00e9server des excursions par l\u2019interm\u00e9diaire d\u2019agences de voyages, pour d\u00e9couvrir par la suite qu\u2019il \u00e9tait en r\u00e9alit\u00e9 possible de s\u2019y rendre de mani\u00e8re autonome pour une exp\u00e9rience bien plus authentique. Durant nos voyages, nous aurions appr\u00e9ci\u00e9 pouvoir b\u00e9n\u00e9ficier de ces informations pr\u00e9cieuses afin d\u2019\u00e9viter de perdre parfois beaucoup de temps, mais \u00e9galement de l\u2019argent, et permettre une v\u00e9ritable immersion au sein de la culture locale, chose qui demeure assez artificielle lorsque l\u2019on participe \u00e0 des excursions organis\u00e9es.<\/p>\n<p style=\"font-weight: 400;\">A la suite de notre voyage en Asie du Sud Est, nous d\u00e9cidons de regrouper nos carnets de voyages retra\u00e7ant nos divers itin\u00e9raires, moyens de transports, h\u00e9bergements. L\u2019id\u00e9e de cr\u00e9er une entreprise de voyage germe dans notre esprit. Nous profitons du confinement pour \u00e9changer sur nos voyages et r\u00e9pertorier la liste compl\u00e8te de nos diff\u00e9rents itin\u00e9raires et nous d\u00e9cidons de r\u00e9ellement nous lancer dans ce projet en Avril 2019.<\/p>\n<p style=\"font-weight: 400;\">[\/et_pb_text][\/et_pb_column][\/et_pb_row][et_pb_row column_structure=\u00a0\u00bb1_2,1_2&Prime; _builder_version=\u00a0\u00bb4.9.10&Prime; _module_preset=\u00a0\u00bbdefault\u00a0\u00bb background_color=\u00a0\u00bbrgba(255,255,255,0.9)\u00a0\u00bb width=\u00a0\u00bb100%\u00a0\u00bb max_width=\u00a0\u00bb100%\u00a0\u00bb][et_pb_column type=\u00a0\u00bb1_2&Prime; _builder_version=\u00a0\u00bb4.9.10&Prime; _module_preset=\u00a0\u00bbdefault\u00a0\u00bb][et_pb_image src=\u00a0\u00bbhttps:\/\/lestravelplanneuses.com\/wp-content\/uploads\/2021\/08\/Emma.png\u00a0\u00bb title_text=\u00a0\u00bbEmma\u00a0\u00bb align=\u00a0\u00bbcenter\u00a0\u00bb _builder_version=\u00a0\u00bb4.9.10&Prime; _module_preset=\u00a0\u00bbdefault\u00a0\u00bb max_width=\u00a0\u00bb29%\u00a0\u00bb module_alignment=\u00a0\u00bbcenter\u00a0\u00bb custom_margin=\u00a0\u00bb||2px||false|false\u00a0\u00bb][\/et_pb_image][et_pb_team_member name=\u00a0\u00bbEmma\u00a0\u00bb position=\u00a0\u00bbFondatrice\u00a0\u00bb _builder_version=\u00a0\u00bb4.9.10&Prime; _module_preset=\u00a0\u00bbdefault\u00a0\u00bb header_text_align=\u00a0\u00bbcenter\u00a0\u00bb body_text_align=\u00a0\u00bbcenter\u00a0\u00bb position_text_align=\u00a0\u00bbcenter\u00a0\u00bb text_orientation=\u00a0\u00bbcenter\u00a0\u00bb max_width=\u00a0\u00bb80%\u00a0\u00bb module_alignment=\u00a0\u00bbcenter\u00a0\u00bb custom_margin=\u00a0\u00bb|-109px||||\u00a0\u00bb custom_padding=\u00a0\u00bb|0px||||\u00a0\u00bb child_mix_blend_mode=\u00a0\u00bbcolor-burn\u00a0\u00bb]<\/p>\n<p><em>Passionn\u00e9e de voyage depuis tr\u00e8s jeune, j\u2019ai toujours voulu travailler dans ce secteur, mon stage chez Costa croisi\u00e8re m\u2019a confirm\u00e9 cette volont\u00e9. J\u2019aime travailler sur des projets prenants. Je suis dipl\u00f4m\u00e9e d\u2019un Bachelor en communication et marketing de l\u2019Ecole Sup\u00e9rieur de Publicit\u00e9 de Paris et d&rsquo;un Master en Management \u00e0 l&#8217;emlyon Business School. Ce site est l\u2019occasion de travailler \u00e0 mon compte dans un secteur qui me passionne.\u00a0<\/em><\/p>\n<p>[\/et_pb_team_member][\/et_pb_column][et_pb_column type=\u00a0\u00bb1_2&Prime; _builder_version=\u00a0\u00bb4.9.10&Prime; _module_preset=\u00a0\u00bbdefault\u00a0\u00bb][et_pb_image src=\u00a0\u00bbhttps:\/\/lestravelplanneuses.com\/wp-content\/uploads\/2021\/08\/Anne.jpg\u00a0\u00bb title_text=\u00a0\u00bbAnne\u00a0\u00bb align=\u00a0\u00bbcenter\u00a0\u00bb _builder_version=\u00a0\u00bb4.9.10&Prime; _module_preset=\u00a0\u00bbdefault\u00a0\u00bb max_width=\u00a0\u00bb30%\u00a0\u00bb module_alignment=\u00a0\u00bbcenter\u00a0\u00bb custom_margin=\u00a0\u00bb||2px||false|false\u00a0\u00bb locked=\u00a0\u00bboff\u00a0\u00bb][\/et_pb_image][et_pb_team_member name=\u00a0\u00bbAnne\u00a0\u00bb position=\u00a0\u00bbFondatrice\u00a0\u00bb _builder_version=\u00a0\u00bb4.9.10&Prime; _module_preset=\u00a0\u00bbdefault\u00a0\u00bb header_text_align=\u00a0\u00bbcenter\u00a0\u00bb body_text_align=\u00a0\u00bbcenter\u00a0\u00bb position_text_align=\u00a0\u00bbcenter\u00a0\u00bb text_orientation=\u00a0\u00bbcenter\u00a0\u00bb max_width=\u00a0\u00bb80%\u00a0\u00bb module_alignment=\u00a0\u00bbcenter\u00a0\u00bb custom_margin=\u00a0\u00bb|-109px||||\u00a0\u00bb custom_padding=\u00a0\u00bb|0px||||\u00a0\u00bb child_mix_blend_mode=\u00a0\u00bbcolor-burn\u00a0\u00bb locked=\u00a0\u00bboff\u00a0\u00bb]<\/p>\n<p><em>Passionn\u00e9e de voyage depuis toujours, j\u2019ai organis\u00e9 divers road trip notamment en Europe et j\u2019ai r\u00e9cemment voyag\u00e9 3 mois en Asie et v\u00e9cu 6 mois \u00e0 Bangkok dans le cadre d\u2019un stage me permettant de d\u00e9couvrir tous les weekends de nouvelles destinations en Asie. Je suis dipl\u00f4m\u00e9e d&rsquo;un Master en Marketing \u00e0 l&#8217;emlyon Business School ainsi que d&rsquo;un Master 2 en Droit des Affaires Internationales.<\/em><\/p>\n<p>[\/et_pb_team_member][\/et_pb_column][\/et_pb_row][\/et_pb_section]<\/p>\n","protected":false},"excerpt":{"rendered":"<p>Formules Conseils A propos Contact La gen\u00e8se du projet Nous c\u2019est Emma et Anne, toutes deux passionn\u00e9es de voyage. Depuis des ann\u00e9es nous avons pour habitude d\u2019organiser ensemble nos voyages en \u00e9tant toujours en qu\u00eate d\u2019authenticit\u00e9 et d\u2019aventure\u00a0! Pour nous la recette parfaite de nos aventures m\u00eale toujours des rencontres, des nouvelles exp\u00e9riences, et la [&hellip;]<\/p>\n","protected":false},"author":1,"featured_media":0,"parent":0,"menu_order":0,"comment_status":"closed","ping_status":"closed","template":"","meta":{"_et_pb_use_builder":"on","_et_pb_old_content":"","_et_gb_content_width":"","om_disable_all_campaigns":false,"_monsterinsights_skip_tracking":false,"_monsterinsights_sitenote_active":false,"_monsterinsights_sitenote_note":"","_monsterinsights_sitenote_category":0,"footnotes":""},"class_list":["post-242","page","type-page","status-publish","hentry"],"aioseo_notices":[],"_links":{"self":[{"href":"https:\/\/lestravelplanneuses.com\/index.php\/wp-json\/wp\/v2\/pages\/242","targetHints":{"allow":["GET"]}}],"collection":[{"href":"https:\/\/lestravelplanneuses.com\/index.php\/wp-json\/wp\/v2\/pages"}],"about":[{"href":"https:\/\/lestravelplanneuses.com\/index.php\/wp-json\/wp\/v2\/types\/page"}],"author":[{"embeddable":true,"href":"https:\/\/lestravelplanneuses.com\/index.php\/wp-json\/wp\/v2\/users\/1"}],"replies":[{"embeddable":true,"href":"https:\/\/lestravelplanneuses.com\/index.php\/wp-json\/wp\/v2\/comments?post=242"}],"version-history":[{"count":8,"href":"https:\/\/lestravelplanneuses.com\/index.php\/wp-json\/wp\/v2\/pages\/242\/revisions"}],"predecessor-version":[{"id":377,"href":"https:\/\/lestravelplanneuses.com\/index.php\/wp-json\/wp\/v2\/pages\/242\/revisions\/377"}],"wp:attachment":[{"href":"https:\/\/lestravelplanneuses.com\/index.php\/wp-json\/wp\/v2\/media?parent=242"}],"curies":[{"name":"wp","href":"https:\/\/api.w.org\/{rel}","templated":true}]}}