{"id":154,"date":"2021-08-01T16:21:00","date_gmt":"2021-08-01T14:21:00","guid":{"rendered":"https:\/\/lestravelplanneuses.com\/?page_id=154"},"modified":"2021-08-02T23:27:45","modified_gmt":"2021-08-02T21:27:45","slug":"modele","status":"publish","type":"page","link":"https:\/\/lestravelplanneuses.com\/index.php\/modele\/","title":{"rendered":"Checklist"},"content":{"rendered":"<p>[et_pb_section fb_built=\u00a0\u00bb1&Prime; admin_label=\u00a0\u00bbHero Section\u00a0\u00bb _builder_version=\u00a0\u00bb4.9.10&Prime; use_background_color_gradient=\u00a0\u00bbon\u00a0\u00bb background_color_gradient_start=\u00a0\u00bb#c45911&Prime; background_color_gradient_end=\u00a0\u00bb#c47038&Prime; background_color_gradient_direction=\u00a0\u00bb131deg\u00a0\u00bb custom_padding=\u00a0\u00bb80px|0px||0px\u00a0\u00bb animation_style=\u00a0\u00bbslide\u00a0\u00bb animation_direction=\u00a0\u00bbtop\u00a0\u00bb animation_intensity_slide=\u00a0\u00bb2%\u00a0\u00bb animation_starting_opacity=\u00a0\u00bb100%\u00a0\u00bb locked=\u00a0\u00bboff\u00a0\u00bb global_colors_info=\u00a0\u00bb{%22gcid-bf7821e0-8ae4-4699-a2b6-02b6fb0508c2%22:%91%22colorStart%22%93}\u00a0\u00bb colorStart=\u00a0\u00bbgcid-bf7821e0-8ae4-4699-a2b6-02b6fb0508c2&Prime;][et_pb_row column_structure=\u00a0\u00bb1_2,1_2&Prime; _builder_version=\u00a0\u00bb3.25&Prime; custom_padding=\u00a0\u00bb|||\u00a0\u00bb custom_width_px=\u00a0\u00bb1440px\u00a0\u00bb][et_pb_column type=\u00a0\u00bb1_2&Prime; _builder_version=\u00a0\u00bb3.25&Prime; custom_padding=\u00a0\u00bb|||\u00a0\u00bb custom_padding__hover=\u00a0\u00bb|||\u00a0\u00bb][et_pb_text _builder_version=\u00a0\u00bb4.9.10&Prime; text_font=\u00a0\u00bb||||||||\u00a0\u00bb header_font=\u00a0\u00bbLobster||||||||\u00a0\u00bb header_text_color=\u00a0\u00bb#ffffff\u00a0\u00bb header_font_size=\u00a0\u00bb60px\u00a0\u00bb header_line_height=\u00a0\u00bb1.5em\u00a0\u00bb header_2_font=\u00a0\u00bb||||||||\u00a0\u00bb header_3_font=\u00a0\u00bb||||||||\u00a0\u00bb header_4_font=\u00a0\u00bb||||||||\u00a0\u00bb header_5_font=\u00a0\u00bb||||||||\u00a0\u00bb header_6_font=\u00a0\u00bb||||||||\u00a0\u00bb custom_margin=\u00a0\u00bb||20px|\u00a0\u00bb locked=\u00a0\u00bboff\u00a0\u00bb]<\/p>\n<h1>Ma cheklisk<\/h1>\n<p>[\/et_pb_text][et_pb_divider color=\u00a0\u00bb#f7d584&Prime; divider_weight=\u00a0\u00bb3px\u00a0\u00bb disabled_on=\u00a0\u00bbon|on|off\u00a0\u00bb _builder_version=\u00a0\u00bb3.2&Prime; max_width=\u00a0\u00bb80px\u00a0\u00bb module_alignment=\u00a0\u00bbleft\u00a0\u00bb height=\u00a0\u00bb10px\u00a0\u00bb custom_margin=\u00a0\u00bb||20px|\u00a0\u00bb animation_style=\u00a0\u00bbslide\u00a0\u00bb animation_direction=\u00a0\u00bbbottom\u00a0\u00bb saved_tabs=\u00a0\u00bball\u00a0\u00bb locked=\u00a0\u00bboff\u00a0\u00bb][\/et_pb_divider][et_pb_text _builder_version=\u00a0\u00bb4.9.10&Prime; text_font=\u00a0\u00bbCaviardreams||||||||\u00a0\u00bb text_text_color=\u00a0\u00bbrgba(255,255,255,0.8)\u00a0\u00bb text_font_size=\u00a0\u00bb200%\u00a0\u00bb text_line_height=\u00a0\u00bb1.8em\u00a0\u00bb header_font=\u00a0\u00bb||||||||\u00a0\u00bb header_2_font=\u00a0\u00bbCaviardreams||||||||\u00a0\u00bb locked=\u00a0\u00bboff\u00a0\u00bb]<\/p>\n<p>Sp\u00e9cial \u00e9t\u00e9<\/p>\n<p>[\/et_pb_text][\/et_pb_column][et_pb_column type=\u00a0\u00bb1_2&Prime; _builder_version=\u00a0\u00bb3.25&Prime; custom_padding=\u00a0\u00bb|||\u00a0\u00bb custom_padding__hover=\u00a0\u00bb|||\u00a0\u00bb][\/et_pb_column][\/et_pb_row][\/et_pb_section][et_pb_section fb_built=\u00a0\u00bb1&Prime; specialty=\u00a0\u00bbon\u00a0\u00bb admin_label=\u00a0\u00bbAbout Us\u00a0\u00bb _builder_version=\u00a0\u00bb3.22&Prime; custom_padding=\u00a0\u00bb||0px|||\u00a0\u00bb][et_pb_column type=\u00a0\u00bb1_2&Prime; specialty_columns=\u00a0\u00bb2&Prime; _builder_version=\u00a0\u00bb3.25&Prime; custom_padding=\u00a0\u00bb|||\u00a0\u00bb custom_padding__hover=\u00a0\u00bb|||\u00a0\u00bb][et_pb_row_inner column_structure=\u00a0\u00bb1_2,1_2&Prime; _builder_version=\u00a0\u00bb3.25&Prime;][et_pb_column_inner type=\u00a0\u00bb1_2&Prime; saved_specialty_column_type=\u00a0\u00bb1_2&Prime; _builder_version=\u00a0\u00bb3.25&Prime; custom_padding=\u00a0\u00bb|||\u00a0\u00bb custom_padding__hover=\u00a0\u00bb|||\u00a0\u00bb][et_pb_blurb title=\u00a0\u00bbBric \u00e0 brac\u00a0\u00bb use_icon=\u00a0\u00bbon\u00a0\u00bb font_icon=\u00a0\u00bb%%161%%\u00a0\u00bb icon_color=\u00a0\u00bbgcid-cd00cf52-3491-45ac-9e52-84189fc93079&Prime; icon_placement=\u00a0\u00bbleft\u00a0\u00bb _builder_version=\u00a0\u00bb4.9.10&Prime; _module_preset=\u00a0\u00bbdefault\u00a0\u00bb header_font=\u00a0\u00bbCaviardreams||||||||\u00a0\u00bb header_font_size=\u00a0\u00bb240%\u00a0\u00bb body_font=\u00a0\u00bbAbel||||||||\u00a0\u00bb body_ul_font=\u00a0\u00bbABeeZee||||||||\u00a0\u00bb global_colors_info=\u00a0\u00bb{%22gcid-cd00cf52-3491-45ac-9e52-84189fc93079%22:%91%22icon_color%22%93}\u00a0\u00bb]<\/p>\n<p>Sac de linge sale<br \/>Sac \u00e0 dos<br \/>Sac de plage<br \/>Gourde<br \/>Serviette de plage<br \/>Parapluie<br \/>Cadenas<br \/>Lampe frontale<br \/>Pochette \u00e9tanche<br \/>Pochette pour l\u2019argent<br \/>Passeport \/ CNI<br \/>Permis de conduire<br \/>Argent liquide<\/p>\n<p>[\/et_pb_blurb][\/et_pb_column_inner][et_pb_column_inner type=\u00a0\u00bb1_2&Prime; saved_specialty_column_type=\u00a0\u00bb1_2&Prime; _builder_version=\u00a0\u00bb3.25&Prime; custom_padding=\u00a0\u00bb|||\u00a0\u00bb custom_padding__hover=\u00a0\u00bb|||\u00a0\u00bb][et_pb_blurb title=\u00a0\u00bb \u00a0\u00bb icon_placement=\u00a0\u00bbleft\u00a0\u00bb _builder_version=\u00a0\u00bb4.9.10&Prime; _module_preset=\u00a0\u00bbdefault\u00a0\u00bb header_font=\u00a0\u00bbCaviardreams||||||||\u00a0\u00bb header_font_size=\u00a0\u00bb240%\u00a0\u00bb body_font=\u00a0\u00bbAbel||||||||\u00a0\u00bb body_ul_font=\u00a0\u00bbABeeZee||||||||\u00a0\u00bb locked=\u00a0\u00bboff\u00a0\u00bb global_colors_info=\u00a0\u00bb{%22gcid-cd00cf52-3491-45ac-9e52-84189fc93079%22:%91%22icon_color%22%93}\u00a0\u00bb icon_color=\u00a0\u00bbgcid-cd00cf52-3491-45ac-9e52-84189fc93079&Prime;]<\/p>\n<p>Carte de paiement<br \/>Mon roadbook<br \/>Lunettes de soleil<br \/>Coussin gonflable<br \/>Boules quies<br \/>Masque de nuit<br \/>Stylo<br \/>Kit de couture<br \/>\u00c9ventail<br \/>Masque et tuba<br \/>Piles<br \/>Mouchoirs<\/p>\n<p>[\/et_pb_blurb][\/et_pb_column_inner][\/et_pb_row_inner][\/et_pb_column][et_pb_column type=\u00a0\u00bb1_2&Prime; _builder_version=\u00a0\u00bb3.25&Prime; custom_padding=\u00a0\u00bb|||\u00a0\u00bb custom_padding__hover=\u00a0\u00bb|||\u00a0\u00bb][et_pb_image src=\u00a0\u00bbhttps:\/\/lestravelplanneuses.com\/wp-content\/uploads\/2021\/08\/fashion-08.jpg\u00a0\u00bb title_text=\u00a0\u00bbfashion-08&Prime; force_fullwidth=\u00a0\u00bbon\u00a0\u00bb _builder_version=\u00a0\u00bb4.9.10&Prime; custom_margin=\u00a0\u00bb-50%|||\u00a0\u00bb custom_margin_tablet=\u00a0\u00bb0px|||\u00a0\u00bb custom_margin_phone=\u00a0\u00bb\u00a0\u00bb custom_margin_last_edited=\u00a0\u00bbon|phone\u00a0\u00bb animation_style=\u00a0\u00bbslide\u00a0\u00bb animation_direction=\u00a0\u00bbtop\u00a0\u00bb animation_duration=\u00a0\u00bb1500ms\u00a0\u00bb animation_intensity_slide=\u00a0\u00bb6%\u00a0\u00bb animation_starting_opacity=\u00a0\u00bb100%\u00a0\u00bb box_shadow_style=\u00a0\u00bbpreset1&Prime; box_shadow_vertical=\u00a0\u00bb10px\u00a0\u00bb box_shadow_blur=\u00a0\u00bb100px\u00a0\u00bb box_shadow_color=\u00a0\u00bbrgba(0,0,0,0.2)\u00a0\u00bb always_center_on_mobile=\u00a0\u00bboff\u00a0\u00bb locked=\u00a0\u00bboff\u00a0\u00bb][\/et_pb_image][\/et_pb_column][\/et_pb_section][et_pb_section fb_built=\u00a0\u00bb1&Prime; admin_label=\u00a0\u00bbStats\u00a0\u00bb _builder_version=\u00a0\u00bb3.22&Prime; custom_padding=\u00a0\u00bb60px|0px|61px|0px||\u00a0\u00bb][et_pb_row column_structure=\u00a0\u00bb1_2,1_4,1_4&Prime; use_custom_gutter=\u00a0\u00bbon\u00a0\u00bb _builder_version=\u00a0\u00bb4.9.10&Prime; max_width=\u00a0\u00bb70%\u00a0\u00bb module_alignment=\u00a0\u00bbcenter\u00a0\u00bb custom_margin=\u00a0\u00bb|-90px||auto|false|false\u00a0\u00bb custom_padding=\u00a0\u00bb0px||0px|\u00a0\u00bb use_custom_width=\u00a0\u00bbon\u00a0\u00bb width_unit=\u00a0\u00bboff\u00a0\u00bb custom_width_percent=\u00a0\u00bb70%\u00a0\u00bb][et_pb_column type=\u00a0\u00bb1_2&Prime; _builder_version=\u00a0\u00bb4.9.10&Prime; use_background_color_gradient=\u00a0\u00bbon\u00a0\u00bb background_color_gradient_start=\u00a0\u00bb#ffffff\u00a0\u00bb background_color_gradient_end=\u00a0\u00bb#a5644e\u00a0\u00bb background_color_gradient_direction=\u00a0\u00bb0deg\u00a0\u00bb background_color_gradient_start_position=\u00a0\u00bb50%\u00a0\u00bb background_color_gradient_end_position=\u00a0\u00bb50%\u00a0\u00bb custom_padding=\u00a0\u00bb5%|5%||5%\u00a0\u00bb global_colors_info=\u00a0\u00bb{%22gcid-45bdf98a-4e6e-474a-92dc-c10c89746ee9%22:%91%22colorEnd%22%93}\u00a0\u00bb custom_padding__hover=\u00a0\u00bb|||\u00a0\u00bb colorEnd=\u00a0\u00bbgcid-45bdf98a-4e6e-474a-92dc-c10c89746ee9&Prime;][et_pb_image src=\u00a0\u00bbhttps:\/\/lestravelplanneuses.com\/wp-content\/uploads\/2021\/08\/fasion-14.jpg\u00a0\u00bb title_text=\u00a0\u00bbfasion-14&Prime; force_fullwidth=\u00a0\u00bbon\u00a0\u00bb _builder_version=\u00a0\u00bb4.9.10&Prime; custom_margin=\u00a0\u00bb|||\u00a0\u00bb custom_margin_tablet=\u00a0\u00bb||0px|\u00a0\u00bb custom_margin_phone=\u00a0\u00bb\u00a0\u00bb custom_margin_last_edited=\u00a0\u00bbon|phone\u00a0\u00bb custom_padding=\u00a0\u00bb|||\u00a0\u00bb animation_style=\u00a0\u00bbslide\u00a0\u00bb animation_direction=\u00a0\u00bbbottom\u00a0\u00bb animation_intensity_slide=\u00a0\u00bb6%\u00a0\u00bb animation_starting_opacity=\u00a0\u00bb100%\u00a0\u00bb box_shadow_style=\u00a0\u00bbpreset1&Prime; box_shadow_vertical=\u00a0\u00bb10px\u00a0\u00bb box_shadow_blur=\u00a0\u00bb100px\u00a0\u00bb box_shadow_color=\u00a0\u00bbrgba(0,0,0,0.2)\u00a0\u00bb always_center_on_mobile=\u00a0\u00bboff\u00a0\u00bb][\/et_pb_image][\/et_pb_column][et_pb_column type=\u00a0\u00bb1_4&Prime; _builder_version=\u00a0\u00bb3.25&Prime; custom_padding=\u00a0\u00bb40px|40px|40px|40px\u00a0\u00bb custom_padding__hover=\u00a0\u00bb|||\u00a0\u00bb][et_pb_blurb title=\u00a0\u00bbV\u00eatements\u00a0\u00bb use_icon=\u00a0\u00bbon\u00a0\u00bb font_icon=\u00a0\u00bb%%161%%\u00a0\u00bb icon_color=\u00a0\u00bbgcid-cd00cf52-3491-45ac-9e52-84189fc93079&Prime; icon_placement=\u00a0\u00bbleft\u00a0\u00bb _builder_version=\u00a0\u00bb4.9.10&Prime; _module_preset=\u00a0\u00bbdefault\u00a0\u00bb header_font=\u00a0\u00bbCaviardreams||||||||\u00a0\u00bb header_font_size=\u00a0\u00bb240%\u00a0\u00bb body_font=\u00a0\u00bbAbel||||||||\u00a0\u00bb body_ul_font=\u00a0\u00bbABeeZee||||||||\u00a0\u00bb locked=\u00a0\u00bboff\u00a0\u00bb global_colors_info=\u00a0\u00bb{%22gcid-cd00cf52-3491-45ac-9e52-84189fc93079%22:%91%22icon_color%22%93}\u00a0\u00bb]<\/p>\n<p>T-shirt \/ Pantalon \/<br \/>Jupe \/ Short \/ Robe<br \/>Pyjama<br \/>Sous-v\u00eatement<br \/>Chaussettes<br \/>Veste<br \/>Pantalon sport\/legging<br \/>K-way<br \/>Maillot de bain<br \/>Robe de plage \/ Par\u00e9o<br \/>Foulard<br \/>Chapeau \/ Casquette<\/p>\n<p>[\/et_pb_blurb][et_pb_blurb title=\u00a0\u00bbChaussures\u00a0\u00bb use_icon=\u00a0\u00bbon\u00a0\u00bb font_icon=\u00a0\u00bb%%161%%\u00a0\u00bb icon_color=\u00a0\u00bbgcid-cd00cf52-3491-45ac-9e52-84189fc93079&Prime; icon_placement=\u00a0\u00bbleft\u00a0\u00bb _builder_version=\u00a0\u00bb4.9.10&Prime; _module_preset=\u00a0\u00bbdefault\u00a0\u00bb header_font=\u00a0\u00bbCaviardreams||||||||\u00a0\u00bb header_font_size=\u00a0\u00bb240%\u00a0\u00bb body_font=\u00a0\u00bbAbel||||||||\u00a0\u00bb body_ul_font=\u00a0\u00bbABeeZee||||||||\u00a0\u00bb locked=\u00a0\u00bboff\u00a0\u00bb global_colors_info=\u00a0\u00bb{%22gcid-cd00cf52-3491-45ac-9e52-84189fc93079%22:%91%22icon_color%22%93}\u00a0\u00bb]<\/p>\n<p>Tongues<br \/>Sandales<br \/>Chaussure d\u2019eau<br \/>Chaussures de marche<\/p>\n<p>[\/et_pb_blurb][\/et_pb_column][et_pb_column type=\u00a0\u00bb1_4&Prime; _builder_version=\u00a0\u00bb3.25&Prime; custom_padding=\u00a0\u00bb40px|40px|40px|40px\u00a0\u00bb custom_padding__hover=\u00a0\u00bb|||\u00a0\u00bb][et_pb_blurb title=\u00a0\u00bbHygi\u00e8ne\/toilette\u00a0\u00bb use_icon=\u00a0\u00bbon\u00a0\u00bb font_icon=\u00a0\u00bb%%161%%\u00a0\u00bb icon_color=\u00a0\u00bbgcid-cd00cf52-3491-45ac-9e52-84189fc93079&Prime; icon_placement=\u00a0\u00bbleft\u00a0\u00bb _builder_version=\u00a0\u00bb4.9.10&Prime; _module_preset=\u00a0\u00bbdefault\u00a0\u00bb header_font=\u00a0\u00bbCaviardreams||||||||\u00a0\u00bb header_font_size=\u00a0\u00bb240%\u00a0\u00bb body_font=\u00a0\u00bbAbel||||||||\u00a0\u00bb body_ul_font=\u00a0\u00bbABeeZee||||||||\u00a0\u00bb locked=\u00a0\u00bboff\u00a0\u00bb global_colors_info=\u00a0\u00bb{%22gcid-cd00cf52-3491-45ac-9e52-84189fc93079%22:%91%22icon_color%22%93}\u00a0\u00bb]<\/p>\n<p>Cr\u00e8me solaire<br \/>D\u00e9odorant<br \/>Shampoing \/ Soin<br \/>Brosse \u00e0 dent<br \/>Dentifrice<br \/>Brosse \u00e0 cheveux<br \/>Maquillage<br \/>Produits de beaut\u00e9<br \/>Coupe-ongles<br \/>Anti-moustique<br \/>M\u00e9dicaments<br \/>Kit de base (pansement, compresse, d\u00e9sinfectant &#8230; )<br \/>Gel hydroalcoolique<br \/>Elastiques<br \/>Brumisateur<br \/>Cotons<br \/>Coton-tige<br \/>Pince \u00e0 \u00e9piler<\/p>\n<p>[\/et_pb_blurb][\/et_pb_column][\/et_pb_row][\/et_pb_section][et_pb_section fb_built=\u00a0\u00bb1&Prime; specialty=\u00a0\u00bbon\u00a0\u00bb admin_label=\u00a0\u00bbAbout Us\u00a0\u00bb _builder_version=\u00a0\u00bb3.22&Prime; custom_padding=\u00a0\u00bb||0px|||\u00a0\u00bb][et_pb_column type=\u00a0\u00bb1_2&Prime; specialty_columns=\u00a0\u00bb2&Prime; _builder_version=\u00a0\u00bb3.25&Prime; custom_padding=\u00a0\u00bb|||\u00a0\u00bb custom_padding__hover=\u00a0\u00bb|||\u00a0\u00bb][et_pb_row_inner column_structure=\u00a0\u00bb1_2,1_2&Prime; _builder_version=\u00a0\u00bb3.25&Prime;][et_pb_column_inner type=\u00a0\u00bb1_2&Prime; saved_specialty_column_type=\u00a0\u00bb1_2&Prime; _builder_version=\u00a0\u00bb3.25&Prime; custom_padding=\u00a0\u00bb|||\u00a0\u00bb custom_padding__hover=\u00a0\u00bb|||\u00a0\u00bb][et_pb_blurb title=\u00a0\u00bbElectronique\u00a0\u00bb use_icon=\u00a0\u00bbon\u00a0\u00bb font_icon=\u00a0\u00bb%%161%%\u00a0\u00bb icon_color=\u00a0\u00bbgcid-cd00cf52-3491-45ac-9e52-84189fc93079&Prime; icon_placement=\u00a0\u00bbleft\u00a0\u00bb _builder_version=\u00a0\u00bb4.9.10&Prime; _module_preset=\u00a0\u00bbdefault\u00a0\u00bb header_font=\u00a0\u00bbCaviardreams||||||||\u00a0\u00bb header_font_size=\u00a0\u00bb240%\u00a0\u00bb body_font=\u00a0\u00bbAbel||||||||\u00a0\u00bb body_ul_font=\u00a0\u00bbABeeZee||||||||\u00a0\u00bb locked=\u00a0\u00bboff\u00a0\u00bb global_colors_info=\u00a0\u00bb{%22gcid-cd00cf52-3491-45ac-9e52-84189fc93079%22:%91%22icon_color%22%93}\u00a0\u00bb]<\/p>\n<p>Ordinateur<br \/>Disque dur<br \/>Go-po<br \/>Batterie portable<br \/>Chargeurs<br \/>\u00c9couteurs<br \/>T\u00e9l\u00e9phone<br \/>Appareil photo<br \/>Multiprise<\/p>\n<p>[\/et_pb_blurb][\/et_pb_column_inner][et_pb_column_inner type=\u00a0\u00bb1_2&Prime; saved_specialty_column_type=\u00a0\u00bb1_2&Prime; _builder_version=\u00a0\u00bb3.25&Prime; custom_padding=\u00a0\u00bb|||\u00a0\u00bb custom_padding__hover=\u00a0\u00bb|||\u00a0\u00bb][et_pb_blurb title=\u00a0\u00bbApplications\u00a0\u00bb use_icon=\u00a0\u00bbon\u00a0\u00bb font_icon=\u00a0\u00bb%%161%%\u00a0\u00bb icon_color=\u00a0\u00bbgcid-cd00cf52-3491-45ac-9e52-84189fc93079&Prime; icon_placement=\u00a0\u00bbleft\u00a0\u00bb _builder_version=\u00a0\u00bb4.9.10&Prime; _module_preset=\u00a0\u00bbdefault\u00a0\u00bb header_font=\u00a0\u00bbCaviardreams||||||||\u00a0\u00bb header_font_size=\u00a0\u00bb240%\u00a0\u00bb body_font=\u00a0\u00bbAbel||||||||\u00a0\u00bb body_ul_font=\u00a0\u00bbABeeZee||||||||\u00a0\u00bb locked=\u00a0\u00bboff\u00a0\u00bb global_colors_info=\u00a0\u00bb{%22gcid-cd00cf52-3491-45ac-9e52-84189fc93079%22:%91%22icon_color%22%93}\u00a0\u00bb]<\/p>\n<p>Vol : Skyscanner<br \/>H\u00e9bergement : Booking<br \/>Traducteur : Google<br \/>Argent : Tricount<br \/>Trek : Wikiloc<br \/>Lieux non touristiques :<br \/>Hidden place<br \/>Carte : maps.me<br \/>Transport : Rome2rio<\/p>\n<p>[\/et_pb_blurb][\/et_pb_column_inner][\/et_pb_row_inner][\/et_pb_column][et_pb_column type=\u00a0\u00bb1_2&Prime; _builder_version=\u00a0\u00bb3.25&Prime; custom_padding=\u00a0\u00bb|||\u00a0\u00bb custom_padding__hover=\u00a0\u00bb|||\u00a0\u00bb][et_pb_image src=\u00a0\u00bbhttps:\/\/lestravelplanneuses.com\/wp-content\/uploads\/2021\/07\/img-16.jpg\u00a0\u00bb title_text=\u00a0\u00bbimg-16&Prime; align=\u00a0\u00bbcenter\u00a0\u00bb _builder_version=\u00a0\u00bb4.9.10&Prime; background_color=\u00a0\u00bb#C3986D\u00a0\u00bb use_background_color_gradient=\u00a0\u00bbon\u00a0\u00bb background_color_gradient_start=\u00a0\u00bb#c3986d\u00a0\u00bb background_color_gradient_end=\u00a0\u00bb#ffffff\u00a0\u00bb background_color_gradient_end_position=\u00a0\u00bb68%\u00a0\u00bb custom_margin=\u00a0\u00bb-40px||40px|\u00a0\u00bb custom_padding=\u00a0\u00bb|||\u00a0\u00bb animation_style=\u00a0\u00bbzoom\u00a0\u00bb animation_direction=\u00a0\u00bbright\u00a0\u00bb animation_intensity_zoom=\u00a0\u00bb6%\u00a0\u00bb animation_starting_opacity=\u00a0\u00bb100%\u00a0\u00bb box_shadow_style=\u00a0\u00bbpreset3&Prime; box_shadow_horizontal=\u00a0\u00bb13px\u00a0\u00bb box_shadow_vertical=\u00a0\u00bb42px\u00a0\u00bb box_shadow_blur=\u00a0\u00bb45px\u00a0\u00bb box_shadow_spread=\u00a0\u00bb-3px\u00a0\u00bb box_shadow_color=\u00a0\u00bbrgba(0,0,0,0.1)\u00a0\u00bb always_center_on_mobile=\u00a0\u00bboff\u00a0\u00bb locked=\u00a0\u00bboff\u00a0\u00bb][\/et_pb_image][\/et_pb_column][\/et_pb_section]<\/p>\n","protected":false},"excerpt":{"rendered":"<p>Ma cheklisk Sp\u00e9cial \u00e9t\u00e9 &#xe0fe; Bric \u00e0 brac Sac de linge saleSac \u00e0 dosSac de plageGourdeServiette de plageParapluieCadenasLampe frontalePochette \u00e9tanchePochette pour l\u2019argentPasseport \/ CNIPermis de conduireArgent liquide Carte de paiementMon roadbookLunettes de soleilCoussin gonflableBoules quiesMasque de nuitStyloKit de couture\u00c9ventailMasque et tubaPilesMouchoirs &#xe0fe; V\u00eatements T-shirt \/ Pantalon \/Jupe \/ Short \/ RobePyjamaSous-v\u00eatementChaussettesVestePantalon sport\/leggingK-wayMaillot de bainRobe de [&hellip;]<\/p>\n","protected":false},"author":1,"featured_media":0,"parent":0,"menu_order":0,"comment_status":"closed","ping_status":"closed","template":"","meta":{"_et_pb_use_builder":"on","_et_pb_old_content":"","_et_gb_content_width":"","om_disable_all_campaigns":false,"_monsterinsights_skip_tracking":false,"_monsterinsights_sitenote_active":false,"_monsterinsights_sitenote_note":"","_monsterinsights_sitenote_category":0,"footnotes":""},"class_list":["post-154","page","type-page","status-publish","hentry"],"aioseo_notices":[],"_links":{"self":[{"href":"https:\/\/lestravelplanneuses.com\/index.php\/wp-json\/wp\/v2\/pages\/154","targetHints":{"allow":["GET"]}}],"collection":[{"href":"https:\/\/lestravelplanneuses.com\/index.php\/wp-json\/wp\/v2\/pages"}],"about":[{"href":"https:\/\/lestravelplanneuses.com\/index.php\/wp-json\/wp\/v2\/types\/page"}],"author":[{"embeddable":true,"href":"https:\/\/lestravelplanneuses.com\/index.php\/wp-json\/wp\/v2\/users\/1"}],"replies":[{"embeddable":true,"href":"https:\/\/lestravelplanneuses.com\/index.php\/wp-json\/wp\/v2\/comments?post=154"}],"version-history":[{"count":8,"href":"https:\/\/lestravelplanneuses.com\/index.php\/wp-json\/wp\/v2\/pages\/154\/revisions"}],"predecessor-version":[{"id":396,"href":"https:\/\/lestravelplanneuses.com\/index.php\/wp-json\/wp\/v2\/pages\/154\/revisions\/396"}],"wp:attachment":[{"href":"https:\/\/lestravelplanneuses.com\/index.php\/wp-json\/wp\/v2\/media?parent=154"}],"curies":[{"name":"wp","href":"https:\/\/api.w.org\/{rel}","templated":true}]}}